{"id":15512,"date":"2021-03-05T00:50:59","date_gmt":"2021-03-05T00:50:59","guid":{"rendered":"https:\/\/www.charisma.ws\/index.php\/page-contact-1\/"},"modified":"2021-12-30T11:30:43","modified_gmt":"2021-12-30T16:30:43","slug":"page-contact-1","status":"publish","type":"page","link":"https:\/\/www.charisma.ws\/index.php\/page-contact-1\/?lang=fr","title":{"rendered":"Nous contacter"},"content":{"rendered":"\t\t<div data-elementor-type=\"wp-page\" data-elementor-id=\"15512\" class=\"elementor elementor-15512\">\n\t\t\t\t\t\t<section class=\"elementor-section elementor-top-section elementor-element elementor-element-22a8591 elementor-section-boxed elementor-section-height-default elementor-section-height-default\" data-id=\"22a8591\" data-element_type=\"section\" data-settings=\"{&quot;background_background&quot;:&quot;classic&quot;}\">\n\t\t\t\t\t\t<div class=\"elementor-container elementor-column-gap-no\">\n\t\t\t\t\t<div class=\"elementor-column elementor-col-66 elementor-top-column elementor-element elementor-element-3e02fd6\" data-id=\"3e02fd6\" data-element_type=\"column\">\n\t\t\t<div class=\"elementor-widget-wrap elementor-element-populated\">\n\t\t\t\t\t\t<section class=\"elementor-section elementor-inner-section elementor-element elementor-element-c97ee3a elementor-section-full_width elementor-section-height-default elementor-section-height-default\" data-id=\"c97ee3a\" data-element_type=\"section\">\n\t\t\t\t\t\t<div class=\"elementor-container elementor-column-gap-no\">\n\t\t\t\t\t<div class=\"elementor-column elementor-col-100 elementor-inner-column elementor-element elementor-element-76a4870\" data-id=\"76a4870\" data-element_type=\"column\">\n\t\t\t<div class=\"elementor-widget-wrap elementor-element-populated\">\n\t\t\t\t\t\t<div class=\"elementor-element elementor-element-94ef965 elementor-widget elementor-widget-nxg-pre-title\" data-id=\"94ef965\" data-element_type=\"widget\" data-widget_type=\"nxg-pre-title.default\">\n\t\t\t\t<div class=\"elementor-widget-container\">\n\t\t\t\t\t\n    <div class=\"text-left\">\n      <h6 class=\"pre-title\">\n        ENVOYER UN MESSAGE      <\/h6>\n    <\/div>\n\n  \t\t\t\t<\/div>\n\t\t\t\t<\/div>\n\t\t\t\t<div class=\"elementor-element elementor-element-a32f888 elementor-widget elementor-widget-nxg-dual-heading\" data-id=\"a32f888\" data-element_type=\"widget\" data-widget_type=\"nxg-dual-heading.default\">\n\t\t\t\t<div class=\"elementor-widget-container\">\n\t\t\t\t\t\n    <div class=\"text-left\">\n      <h2 class=\"heading\">\n        Entrer en contact      <\/h2>\n    <\/div>\n\n  \t\t\t\t<\/div>\n\t\t\t\t<\/div>\n\t\t\t\t\t<\/div>\n\t\t<\/div>\n\t\t\t\t\t<\/div>\n\t\t<\/section>\n\t\t\t\t<div class=\"elementor-element elementor-element-63a2ce6 elementor-widget elementor-widget-nxg-paragraph\" data-id=\"63a2ce6\" data-element_type=\"widget\" data-widget_type=\"nxg-paragraph.default\">\n\t\t\t\t<div class=\"elementor-widget-container\">\n\t\t\t\t\t\n    <div class=\"text-left\">\n      <p class=\"paragraph\">\n        Nous r\u00e9pondrons \u00e0 votre message dans les plus brefs d\u00e9lais.      <\/p>\n    <\/div>\n\n  \t\t\t\t<\/div>\n\t\t\t\t<\/div>\n\t\t\t\t<section class=\"elementor-section elementor-inner-section elementor-element elementor-element-89715cd elementor-section-full_width elementor-section-height-default elementor-section-height-default\" data-id=\"89715cd\" data-element_type=\"section\">\n\t\t\t\t\t\t<div class=\"elementor-container elementor-column-gap-no\">\n\t\t\t\t\t<div class=\"elementor-column elementor-col-100 elementor-inner-column elementor-element elementor-element-6f4b210\" data-id=\"6f4b210\" data-element_type=\"column\">\n\t\t\t<div class=\"elementor-widget-wrap elementor-element-populated\">\n\t\t\t\t\t\t<div class=\"elementor-element elementor-element-499d4b5 elementor-widget elementor-widget-nxg-form\" data-id=\"499d4b5\" data-element_type=\"widget\" data-widget_type=\"nxg-form.default\">\n\t\t\t\t<div class=\"elementor-widget-container\">\n\t\t\t\t\t\n    <div class=\"nxg-contact-form-7\">\n      \n<div class=\"wpcf7 no-js\" id=\"wpcf7-f10-o1\" lang=\"en-US\" dir=\"ltr\" data-wpcf7-id=\"10\">\n<div class=\"screen-reader-response\"><p role=\"status\" aria-live=\"polite\" aria-atomic=\"true\"><\/p> <ul><\/ul><\/div>\n<form action=\"\/index.php\/wp-json\/wp\/v2\/pages\/15512#wpcf7-f10-o1\" method=\"post\" class=\"wpcf7-form init\" aria-label=\"Contact form\" novalidate=\"novalidate\" data-status=\"init\">\n<div style=\"display: none;\">\n<input type=\"hidden\" name=\"_wpcf7\" value=\"10\" \/>\n<input type=\"hidden\" name=\"_wpcf7_version\" value=\"6.0.6\" \/>\n<input type=\"hidden\" name=\"_wpcf7_locale\" value=\"en_US\" \/>\n<input type=\"hidden\" name=\"_wpcf7_unit_tag\" value=\"wpcf7-f10-o1\" \/>\n<input type=\"hidden\" name=\"_wpcf7_container_post\" value=\"0\" \/>\n<input type=\"hidden\" name=\"_wpcf7_posted_data_hash\" value=\"\" \/>\n<input type=\"hidden\" name=\"_wpcf7_recaptcha_response\" value=\"\" \/>\n<\/div>\n<p><label> Your name<br \/>\n<span class=\"wpcf7-form-control-wrap\" data-name=\"your-name\"><input size=\"40\" maxlength=\"400\" class=\"wpcf7-form-control wpcf7-text wpcf7-validates-as-required\" aria-required=\"true\" aria-invalid=\"false\" value=\"\" type=\"text\" name=\"your-name\" \/><\/span> <\/label>\n<\/p>\n<p><label> Your email<br \/>\n<span class=\"wpcf7-form-control-wrap\" data-name=\"your-email\"><input size=\"40\" maxlength=\"400\" class=\"wpcf7-form-control wpcf7-email wpcf7-validates-as-required wpcf7-text wpcf7-validates-as-email\" aria-required=\"true\" aria-invalid=\"false\" value=\"\" type=\"email\" name=\"your-email\" \/><\/span> <\/label>\n<\/p>\n<p><label> Subject<br \/>\n<span class=\"wpcf7-form-control-wrap\" data-name=\"your-subject\"><input size=\"40\" maxlength=\"400\" class=\"wpcf7-form-control wpcf7-text wpcf7-validates-as-required\" aria-required=\"true\" aria-invalid=\"false\" value=\"\" type=\"text\" name=\"your-subject\" \/><\/span> <\/label>\n<\/p>\n<p><label> Your message (optional)<br \/>\n<span class=\"wpcf7-form-control-wrap\" data-name=\"your-message\"><textarea cols=\"40\" rows=\"10\" maxlength=\"2000\" class=\"wpcf7-form-control wpcf7-textarea\" aria-invalid=\"false\" name=\"your-message\"><\/textarea><\/span> <\/label>\n<\/p>\n<p><input class=\"wpcf7-form-control wpcf7-submit has-spinner\" type=\"submit\" value=\"Submit\" \/>\n<\/p><div class=\"wpcf7-response-output\" aria-hidden=\"true\"><\/div>\n<\/form>\n<\/div>\n    <\/div>\n\n  \t\t\t\t<\/div>\n\t\t\t\t<\/div>\n\t\t\t\t\t<\/div>\n\t\t<\/div>\n\t\t\t\t\t<\/div>\n\t\t<\/section>\n\t\t\t\t\t<\/div>\n\t\t<\/div>\n\t\t\t\t<div class=\"elementor-column elementor-col-33 elementor-top-column elementor-element elementor-element-1a77187\" data-id=\"1a77187\" data-element_type=\"column\">\n\t\t\t<div class=\"elementor-widget-wrap elementor-element-populated\">\n\t\t\t\t\t\t<section class=\"elementor-section elementor-inner-section elementor-element elementor-element-6099086 elementor-section-full_width elementor-section-height-default elementor-section-height-default\" data-id=\"6099086\" data-element_type=\"section\">\n\t\t\t\t\t\t<div class=\"elementor-container elementor-column-gap-no\">\n\t\t\t\t\t<div class=\"elementor-column elementor-col-100 elementor-inner-column elementor-element elementor-element-a5c783b\" data-id=\"a5c783b\" data-element_type=\"column\">\n\t\t\t<div class=\"elementor-widget-wrap elementor-element-populated\">\n\t\t\t\t\t\t<div class=\"elementor-element elementor-element-4a298c4 elementor-widget elementor-widget-nxg-icon-list\" data-id=\"4a298c4\" data-element_type=\"widget\" data-widget_type=\"nxg-icon-list.default\">\n\t\t\t\t<div class=\"elementor-widget-container\">\n\t\t\t\t\t\n    <ul class=\"navbar-nav\">\n              <li class=\"nav-item\">\n                    <a href=\"tel:+1 (514) 991-4800\" target=&quot;_blank&quot; rel=&quot;nofollow&quot; class=\"nav-link text-left\">\n            <div class=\"icon-wrapper\">\n              <i class=\"list-icon fas fa-phone-alt\"><\/i>            <\/div>\n            <span class=\"list-text\">\n              +1 (514) 991-4800            <\/span>\n          <\/a>\n        <\/li>\n              <li class=\"nav-item\">\n                    <a href=\"mailto:info@charisma.ws\" target=&quot;_blank&quot; rel=&quot;nofollow&quot; class=\"nav-link text-left\">\n            <div class=\"icon-wrapper\">\n              <i class=\"list-icon fas fa-envelope\"><\/i>            <\/div>\n            <span class=\"list-text\">\n              info@charisma.ws            <\/span>\n          <\/a>\n        <\/li>\n              <li class=\"nav-item\">\n                    <a href=\"#\" target=&quot;_blank&quot; rel=&quot;nofollow&quot; class=\"nav-link text-left\">\n            <div class=\"icon-wrapper\">\n              <i class=\"list-icon fas fa-map-marker-alt\"><\/i>            <\/div>\n            <span class=\"list-text\">\n              3310 100e Avenue #340, Laval, Quebec H7T 0J7            <\/span>\n          <\/a>\n        <\/li>\n          <\/ul>\n\n\t\t\t\t\t<\/div>\n\t\t\t\t<\/div>\n\t\t\t\t<div class=\"elementor-element elementor-element-2f54e56 elementor-widget elementor-widget-nxg-button\" data-id=\"2f54e56\" data-element_type=\"widget\" data-widget_type=\"nxg-button.default\">\n\t\t\t\t<div class=\"elementor-widget-container\">\n\t\t\t\t\t\n    <div class=\"d-flex justify-content-start\">\n      <a class=\"btn button\" data-toggle=\"modal\" data-target=\"#map\">\n        VOIR LA CARTE      <\/a>\n    <\/div>\n\n    \n      <!-- Modal [map] -->\n      <div id=\"map\" class=\"p-0 modal fade\" role=\"dialog\" aria-labelledby=\"map\" aria-hidden=\"true\">\n        <div class=\"modal-dialog modal-dialog-slideout\" role=\"document\">\n          <div class=\"modal-content full\">\n            <div class=\"modal-header absolute\" data-dismiss=\"modal\">\n              <div class=\"icon-wrapper\">\n                <i class=\"icon-close fas fa-times\"><\/i>\n              <\/div>\n            <\/div>\n            <div class=\"modal-body p-0\">\n              <iframe src=\"https:\/\/www.google.com\/maps\/embed?pb=!1m14!1m8!1m3!1d11174.420084936533!2d-73.791217!3d45.5582706!3m2!1i1024!2i768!4f13.1!3m3!1m2!1s0x0%3A0xd051b3901b7f6024!2sLes%20Immeubles%20Charisma%20Inc.!5e0!3m2!1sen!2sca!4v1631151526555!5m2!1sen!2sca\" width=\"600\" height=\"450\" style=\"border:0;\" allowfullscreen=\"\" loading=\"lazy\"><\/iframe>            <\/div>\n          <\/div>\n        <\/div>\n      <\/div>\n\n    \t\t\t\t<\/div>\n\t\t\t\t<\/div>\n\t\t\t\t\t<\/div>\n\t\t<\/div>\n\t\t\t\t\t<\/div>\n\t\t<\/section>\n\t\t\t\t\t<\/div>\n\t\t<\/div>\n\t\t\t\t\t<\/div>\n\t\t<\/section>\n\t\t\t\t<\/div>\n\t\t","protected":false},"excerpt":{"rendered":"<p>ENVOYER UN MESSAGE Entrer en contact Nous r\u00e9pondrons \u00e0 votre message dans les plus brefs d\u00e9lais. Your name Your email&#8230;<\/p>\n","protected":false},"author":1,"featured_media":15414,"parent":0,"menu_order":0,"comment_status":"closed","ping_status":"closed","template":"","meta":{"_acf_changed":false,"footnotes":""},"class_list":["post-15512","page","type-page","status-publish","has-post-thumbnail","hentry"],"acf":[],"_links":{"self":[{"href":"https:\/\/www.charisma.ws\/index.php\/wp-json\/wp\/v2\/pages\/15512","targetHints":{"allow":["GET"]}}],"collection":[{"href":"https:\/\/www.charisma.ws\/index.php\/wp-json\/wp\/v2\/pages"}],"about":[{"href":"https:\/\/www.charisma.ws\/index.php\/wp-json\/wp\/v2\/types\/page"}],"author":[{"embeddable":true,"href":"https:\/\/www.charisma.ws\/index.php\/wp-json\/wp\/v2\/users\/1"}],"replies":[{"embeddable":true,"href":"https:\/\/www.charisma.ws\/index.php\/wp-json\/wp\/v2\/comments?post=15512"}],"version-history":[{"count":8,"href":"https:\/\/www.charisma.ws\/index.php\/wp-json\/wp\/v2\/pages\/15512\/revisions"}],"predecessor-version":[{"id":15532,"href":"https:\/\/www.charisma.ws\/index.php\/wp-json\/wp\/v2\/pages\/15512\/revisions\/15532"}],"wp:featuredmedia":[{"embeddable":true,"href":"https:\/\/www.charisma.ws\/index.php\/wp-json\/wp\/v2\/media\/15414"}],"wp:attachment":[{"href":"https:\/\/www.charisma.ws\/index.php\/wp-json\/wp\/v2\/media?parent=15512"}],"curies":[{"name":"wp","href":"https:\/\/api.w.org\/{rel}","templated":true}]}}